{"id":10,"date":"2024-05-26T20:19:34","date_gmt":"2024-05-26T17:19:34","guid":{"rendered":"https:\/\/hhagroup.co\/?page_id=10"},"modified":"2024-06-25T12:51:45","modified_gmt":"2024-06-25T09:51:45","slug":"our-vision","status":"publish","type":"page","link":"https:\/\/hhagroup.co\/tr\/our-vision\/","title":{"rendered":"Vizyonumuz"},"content":{"rendered":"<p>Her bireyin, \u00f6zellikle de gayretli olduklar\u0131nda, hedeflerine ula\u015fma hakk\u0131na sahip oldu\u011funa inan\u0131yoruz. Bunu desteklemek i\u00e7in, bilimsel ara\u015ft\u0131rma ve teknolojik geli\u015fmeyi te\u015fvik ederken en yeni ekipman ve geli\u015fmi\u015f makinelerden yararlan\u0131yoruz.<\/p>\n\n\n\n<p>Gelece\u011fe y\u00f6nelik vizyonumuz iddial\u0131. Geri d\u00f6n\u00fc\u015f\u00fcmden ba\u015flayarak, \u00fcr\u00fcnlerimizi da\u011f\u0131tarak, yat\u0131r\u0131m yaparak ve en son teknolojik geli\u015fmelerle k\u00fcresel kalite ve g\u00fcvenlik standartlar\u0131na ba\u011fl\u0131 kalarak Arap d\u00fcnyas\u0131n\u0131n en b\u00fcy\u00fck \u015firketi olmay\u0131 hedefliyoruz.<\/p>\n\n\n\n<p>Irak'ta, hizmet ve \u00fcr\u00fcnlerimizi ticaretin t\u00fcm payda\u015flar\u0131na sunarak ve \u00f6nde gelen uluslararas\u0131 \u015firketlerle i\u015fbirli\u011fi yaparak yerel pazarlara hakim olmay\u0131 hedefliyoruz.<\/p>","protected":false},"excerpt":{"rendered":"<p>We believe that every individual has the right to achieve their goals, especially when they are diligent. To support this, we leverage the latest equipment and advanced machines, while promoting scientific research and technological development. Our vision for the future is ambitious. We aim to become the largest company in the Arab world, starting with&#8230;<\/p>","protected":false},"author":1,"featured_media":0,"parent":0,"menu_order":0,"comment_status":"closed","ping_status":"closed","template":"","meta":{"_kad_blocks_custom_css":"","_kad_blocks_head_custom_js":"","_kad_blocks_body_custom_js":"","_kad_blocks_footer_custom_js":"","_kad_post_transparent":"","_kad_post_title":"","_kad_post_layout":"","_kad_post_sidebar_id":"","_kad_post_content_style":"","_kad_post_vertical_padding":"","_kad_post_feature":"","_kad_post_feature_position":"","_kad_post_header":false,"_kad_post_footer":false,"footnotes":""},"class_list":["post-10","page","type-page","status-publish","hentry"],"taxonomy_info":[],"featured_image_src_large":false,"author_info":{"display_name":"admin","author_link":"https:\/\/hhagroup.co\/tr\/author\/admin\/"},"comment_info":0,"_links":{"self":[{"href":"https:\/\/hhagroup.co\/tr\/wp-json\/wp\/v2\/pages\/10","targetHints":{"allow":["GET"]}}],"collection":[{"href":"https:\/\/hhagroup.co\/tr\/wp-json\/wp\/v2\/pages"}],"about":[{"href":"https:\/\/hhagroup.co\/tr\/wp-json\/wp\/v2\/types\/page"}],"author":[{"embeddable":true,"href":"https:\/\/hhagroup.co\/tr\/wp-json\/wp\/v2\/users\/1"}],"replies":[{"embeddable":true,"href":"https:\/\/hhagroup.co\/tr\/wp-json\/wp\/v2\/comments?post=10"}],"version-history":[{"count":2,"href":"https:\/\/hhagroup.co\/tr\/wp-json\/wp\/v2\/pages\/10\/revisions"}],"predecessor-version":[{"id":412,"href":"https:\/\/hhagroup.co\/tr\/wp-json\/wp\/v2\/pages\/10\/revisions\/412"}],"wp:attachment":[{"href":"https:\/\/hhagroup.co\/tr\/wp-json\/wp\/v2\/media?parent=10"}],"curies":[{"name":"wp","href":"https:\/\/api.w.org\/{rel}","templated":true}]}}