{"id":12,"date":"2024-05-26T20:20:05","date_gmt":"2024-05-26T17:20:05","guid":{"rendered":"https:\/\/hhagroup.co\/?page_id=12"},"modified":"2024-06-02T12:30:23","modified_gmt":"2024-06-02T09:30:23","slug":"human-resources","status":"publish","type":"page","link":"https:\/\/hhagroup.co\/tr\/human-resources\/","title":{"rendered":"\u0130nsan Kaynaklar\u0131"},"content":{"rendered":"<style>.kb-row-layout-id12_34db08-53 > .kt-row-column-wrap{align-content:start;}:where(.kb-row-layout-id12_34db08-53 > .kt-row-column-wrap) > .wp-block-kadence-column{justify-content:start;}.kb-row-layout-id12_34db08-53 > .kt-row-column-wrap{column-gap:var(--global-kb-gap-md, 2rem);row-gap:var(--global-kb-gap-md, 2rem);max-width:var( --global-content-width, 1380px );padding-left:var(--global-content-edge-padding);padding-right:var(--global-content-edge-padding);padding-top:var(--global-kb-spacing-xxl, 5rem);padding-bottom:var(--global-kb-spacing-md, 2rem);grid-template-columns:repeat(2, minmax(0, 1fr));}.kb-row-layout-id12_34db08-53 > .kt-row-layout-overlay{opacity:0.30;}@media all and (max-width: 1024px){.kb-row-layout-id12_34db08-53 > .kt-row-column-wrap{grid-template-columns:repeat(2, minmax(0, 1fr));}}@media all and (max-width: 767px){.kb-row-layout-id12_34db08-53 > .kt-row-column-wrap{grid-template-columns:minmax(0, 1fr);}}<\/style><div class=\"kb-row-layout-wrap kb-row-layout-id12_34db08-53 alignnone wp-block-kadence-rowlayout\"><div class=\"kt-row-column-wrap kt-has-2-columns kt-row-layout-equal kt-tab-layout-inherit kt-mobile-layout-row kt-row-valign-top kb-theme-content-width\">\n<style>.kadence-column12_deaf92-5a > .kt-inside-inner-col,.kadence-column12_deaf92-5a > .kt-inside-inner-col:before{border-top-left-radius:0px;border-top-right-radius:0px;border-bottom-right-radius:0px;border-bottom-left-radius:0px;}.kadence-column12_deaf92-5a > .kt-inside-inner-col{column-gap:var(--global-kb-gap-sm, 1rem);}.kadence-column12_deaf92-5a > .kt-inside-inner-col{flex-direction:column;}.kadence-column12_deaf92-5a > .kt-inside-inner-col > .aligncenter{width:100%;}.kadence-column12_deaf92-5a > .kt-inside-inner-col:before{opacity:0.3;}.kadence-column12_deaf92-5a{position:relative;}@media all and (max-width: 1024px){.kadence-column12_deaf92-5a > .kt-inside-inner-col{flex-direction:column;justify-content:center;}}@media all and (max-width: 767px){.kadence-column12_deaf92-5a > .kt-inside-inner-col{flex-direction:column;justify-content:center;}}<\/style>\n<div class=\"wp-block-kadence-column kadence-column12_deaf92-5a\"><div class=\"kt-inside-inner-col\"><style>.wp-block-kadence-advancedheading.kt-adv-heading12_b99b30-9f, .wp-block-kadence-advancedheading.kt-adv-heading12_b99b30-9f[data-kb-block=\"kb-adv-heading12_b99b30-9f\"]{margin-bottom:var(--global-kb-spacing-xxs, 0.5rem);font-style:normal;}.wp-block-kadence-advancedheading.kt-adv-heading12_b99b30-9f mark.kt-highlight, .wp-block-kadence-advancedheading.kt-adv-heading12_b99b30-9f[data-kb-block=\"kb-adv-heading12_b99b30-9f\"] mark.kt-highlight{font-style:normal;color:#f76a0c;-webkit-box-decoration-break:clone;box-decoration-break:clone;padding-top:0px;padding-right:0px;padding-bottom:0px;padding-left:0px;}<\/style>\n<p class=\"kt-adv-heading12_b99b30-9f wp-block-kadence-advancedheading\" data-kb-block=\"kb-adv-heading12_b99b30-9f\">\u0130\u015fe al\u0131yoruz<\/p>\n\n\n<style>.wp-block-kadence-advancedheading.kt-adv-heading12_a1a3a0-42, .wp-block-kadence-advancedheading.kt-adv-heading12_a1a3a0-42[data-kb-block=\"kb-adv-heading12_a1a3a0-42\"]{margin-top:0px;font-style:normal;}.wp-block-kadence-advancedheading.kt-adv-heading12_a1a3a0-42 mark.kt-highlight, .wp-block-kadence-advancedheading.kt-adv-heading12_a1a3a0-42[data-kb-block=\"kb-adv-heading12_a1a3a0-42\"] mark.kt-highlight{font-style:normal;color:#f76a0c;-webkit-box-decoration-break:clone;box-decoration-break:clone;padding-top:0px;padding-right:0px;padding-bottom:0px;padding-left:0px;}<\/style>\n<h2 class=\"kt-adv-heading12_a1a3a0-42 wp-block-kadence-advancedheading\" data-kb-block=\"kb-adv-heading12_a1a3a0-42\">\u00d6zel Ekibimize Kat\u0131l\u0131n<\/h2>\n\n\n\n<p>Haji Hussein \u015eirketler Grubu olarak ba\u015far\u0131m\u0131z, 500'\u00fcn \u00fczerinde kendini i\u015fine adam\u0131\u015f profesyonelden olu\u015fan istisnai ekibimiz taraf\u0131ndan y\u00f6nlendirilmektedir. \u0130novasyon ve i\u015fbirli\u011finin geli\u015fti\u011fi destekleyici ve kapsay\u0131c\u0131 bir \u00e7al\u0131\u015fma ortam\u0131n\u0131 te\u015fvik etmekten gurur duyuyoruz. \u0130K politikalar\u0131m\u0131z, kariyer geli\u015fimi ve ki\u015fisel geli\u015fim i\u00e7in geni\u015f f\u0131rsatlar sunarak her ekip \u00fcyesinin refah\u0131n\u0131 ve b\u00fcy\u00fcmesini sa\u011flamak \u00fczere tasarlanm\u0131\u015ft\u0131r.<\/p>\n\n\n\n<p>\u00c7al\u0131\u015fanlar\u0131m\u0131z\u0131n en b\u00fcy\u00fck varl\u0131\u011f\u0131m\u0131z oldu\u011funa inan\u0131yoruz ve \u00e7e\u015fitlili\u011fe de\u011fer veren, yarat\u0131c\u0131l\u0131\u011f\u0131 te\u015fvik eden ve s\u00fcrekli \u00f6\u011frenmeyi destekleyen bir i\u015f yeri yaratmaya kararl\u0131y\u0131z.<\/p>\n\n\n\n<p>Mevcut a\u00e7\u0131k pozisyonlar\u0131m\u0131z\u0131 ke\u015ffedin ve m\u00fckemmelli\u011fe, s\u00fcrd\u00fcr\u00fclebilirli\u011fe ve hizmet verdi\u011fimiz sekt\u00f6rlerde olumlu bir etki yaratmaya adanm\u0131\u015f dinamik ekibimizin bir par\u00e7as\u0131 olun. D\u00fcnyan\u0131n d\u00f6rt bir yan\u0131ndaki m\u00fc\u015fterilerimize y\u00fcksek kaliteli hizmetler ve yenilik\u00e7i \u00e7\u00f6z\u00fcmler sunma misyonumuzda bize kat\u0131l\u0131n.<\/p>\n<\/div><\/div>\n\n\n<style>.kadence-column12_bf7983-f0 > .kt-inside-inner-col,.kadence-column12_bf7983-f0 > .kt-inside-inner-col:before{border-top-left-radius:0px;border-top-right-radius:0px;border-bottom-right-radius:0px;border-bottom-left-radius:0px;}.kadence-column12_bf7983-f0 > .kt-inside-inner-col{column-gap:var(--global-kb-gap-sm, 1rem);}.kadence-column12_bf7983-f0 > .kt-inside-inner-col{flex-direction:column;}.kadence-column12_bf7983-f0 > .kt-inside-inner-col > .aligncenter{width:100%;}.kadence-column12_bf7983-f0 > .kt-inside-inner-col:before{opacity:0.3;}.kadence-column12_bf7983-f0{position:relative;}@media all and (max-width: 1024px){.kadence-column12_bf7983-f0 > .kt-inside-inner-col{flex-direction:column;justify-content:center;}}@media all and (max-width: 767px){.kadence-column12_bf7983-f0 > .kt-inside-inner-col{flex-direction:column;justify-content:center;}}<\/style>\n<div class=\"wp-block-kadence-column kadence-column12_bf7983-f0\"><div class=\"kt-inside-inner-col\"><style>.wp-block-kadence-advancedheading.kt-adv-heading12_036fcf-73, .wp-block-kadence-advancedheading.kt-adv-heading12_036fcf-73[data-kb-block=\"kb-adv-heading12_036fcf-73\"]{margin-bottom:var(--global-kb-spacing-md, 2rem);font-style:normal;}.wp-block-kadence-advancedheading.kt-adv-heading12_036fcf-73 mark.kt-highlight, .wp-block-kadence-advancedheading.kt-adv-heading12_036fcf-73[data-kb-block=\"kb-adv-heading12_036fcf-73\"] mark.kt-highlight{font-style:normal;color:#f76a0c;-webkit-box-decoration-break:clone;box-decoration-break:clone;padding-top:0px;padding-right:0px;padding-bottom:0px;padding-left:0px;}<\/style>\n<div class=\"kt-adv-heading12_036fcf-73 wp-block-kadence-advancedheading\" data-kb-block=\"kb-adv-heading12_036fcf-73\">Haji Hussein Group'ta \u00e7al\u0131\u015fmak ister misiniz?<\/div>\n\n\n<div class='fluentform ff-default fluentform_wrapper_3  ff_guten_block ffs_default_wrap'><form data-form_id=\"3\" id=\"fluentform_3\" class=\"frm-fluent-form fluent_form_3 ff-el-form-top ff_form_instance_3_1 ff-form-loading ffs_default\" data-form_instance=\"ff_form_instance_3_1\" method=\"POST\" action=\"\" ><fieldset  style=\"border: none!important;margin: 0!important;padding: 0!important;background-color: transparent!important;box-shadow: none!important;outline: none!important; min-inline-size: 100%;\">\n                    <legend class=\"ff_screen_reader_title\" style=\"display: block; margin: 0!important;padding: 0!important;height: 0!important;text-indent: -999999px;width: 0!important;overflow:hidden;\">\u0130K Formu<\/legend><input type='hidden' name='__fluent_form_embded_post_id' value='12' \/><input type=\"hidden\" id=\"_fluentform_3_fluentformnonce\" name=\"_fluentform_3_fluentformnonce\" value=\"bc72f8ee0b\" \/><input type=\"hidden\" name=\"_wp_http_referer\" value=\"\/tr\/wp-json\/wp\/v2\/pages\/12\" \/><div data-name=\"ff_cn_id_1\"  class='ff-t-container ff-column-container ff_columns_total_2'><div class='ff-t-cell ff-t-column-1' style='flex-basis: 50%;'><div data-type=\"name-element\" data-name=\"names\" class=\"ff-field_container ff-name-field-wrapper\" ><div class='ff-t-container'><div class='ff-t-cell'><div class='ff-el-group ff-el-form-top'><div class=\"ff-el-input--label ff-el-is-required asterisk-right\"><label for='ff_3_names_first_name_' >ADI SOYADI<\/label><\/div><div class='ff-el-input--content'><input type=\"text\" name=\"names[first_name]\" id=\"ff_3_names_first_name_\" class=\"ff-el-form-control\" placeholder=\"Ad\u0131n\u0131z\u0131 girin\" aria-invalid=\"false\" aria-required=\"true\"><\/div><\/div><\/div><\/div><\/div><div class='ff-el-group'><div class=\"ff-el-input--label ff-el-is-required asterisk-right\"><label for='ff_3_phone' aria-label=\"TELEFON NUMARASI\">TELEFON NUMARASI<\/label><\/div><div class='ff-el-input--content'><input name=\"phone\" class=\"ff-el-form-control ff-el-phone\" type=\"tel\" placeholder=\"Numaran\u0131z\u0131 girin\" data-name=\"phone\" id=\"ff_3_phone\" inputmode=\"tel\"  aria-invalid='false' aria-required=\"true\"><\/div><\/div><div class='ff-el-group'><div class=\"ff-el-input--label ff-el-is-required asterisk-right\"><label for='ff_3_input_text_1' aria-label=\"NEDEN BIZI SE\u00c7MELISINIZ\">NEDEN BIZI SE\u00c7MELISINIZ<\/label><\/div><div class='ff-el-input--content'><input type=\"text\" name=\"input_text_1\" class=\"ff-el-form-control\" placeholder=\"Neden bizimle \u00e7al\u0131\u015fmak istiyorsunuz?\" data-name=\"input_text_1\" id=\"ff_3_input_text_1\"  aria-invalid=\"false\" aria-required=\"true\"><\/div><\/div><\/div><div class='ff-t-cell ff-t-column-2' style='flex-basis: 50%;'><div class='ff-el-group'><div class=\"ff-el-input--label ff-el-is-required asterisk-right\"><label for='ff_3_email' aria-label=\"EMA\u0130L\">EMA\u0130L<\/label><\/div><div class='ff-el-input--content'><input type=\"email\" name=\"email\" id=\"ff_3_email\" class=\"ff-el-form-control\" placeholder=\"E-posta adresinizi girin\" data-name=\"email\"  aria-invalid=\"false\" aria-required=\"true\"><\/div><\/div><div class='ff-el-group'><div class=\"ff-el-input--label ff-el-is-required asterisk-right\"><label for='ff_3_input_text' aria-label=\"ADRES\">ADRES<\/label><\/div><div class='ff-el-input--content'><input type=\"text\" name=\"input_text\" class=\"ff-el-form-control\" placeholder=\"Adresinizi girin\" data-name=\"input_text\" id=\"ff_3_input_text\"  aria-invalid=\"false\" aria-required=\"true\"><\/div><\/div><div class='ff-el-group'><div class=\"ff-el-input--label ff-el-is-required asterisk-right\"><label for='ff_3_file-upload_1' aria-label=\"\u00d6ZGE\u00c7M\u0130\u015e\u0130N\u0130Z\">\u00d6ZGE\u00c7M\u0130\u015e\u0130N\u0130Z<\/label><\/div><div class='ff-el-input--content'><label for='ff_3_file-upload_1' class='ff_file_upload_holder'><span class='ff_upload_btn ff-btn' tabindex='0'>Dosya Se\u00e7in<\/span> <input type=\"file\" name=\"file-upload\" id=\"ff_3_file-upload_1\" class=\"ff-el-form-control  ff-screen-reader-element\" data-name=\"file-upload\" multiple=\"1\"  aria-invalid='false' aria-required=\"true\"><\/label><\/div><\/div><\/div><\/div><div class='ff-el-group'><div class=\"ff-el-input--label ff-el-is-required asterisk-right\"><label for='ff_3_description' aria-label=\"MESAJ\">MESAJ<\/label><\/div><div class='ff-el-input--content'><textarea aria-invalid=\"false\" aria-required=\"true\" name=\"description\" id=\"ff_3_description\" class=\"ff-el-form-control\" placeholder=\"Mesaj\u0131n\u0131z\u0131 girin\" rows=\"4\" cols=\"2\" data-name=\"description\" ><\/textarea><\/div><\/div><div class='ff-el-group ff-text-left ff_submit_btn_wrapper'><button type=\"submit\" class=\"ff-btn ff-btn-submit ff-btn-md ff_btn_no_style\" >Mesaj\u0131n\u0131z\u0131 G\u00f6nderin<\/button><\/div><\/fieldset><input type=\"hidden\" name=\"trp-form-language\" value=\"tr\"\/><\/form><div id='fluentform_3_errors' class='ff-errors-in-stack ff_form_instance_3_1 ff-form-loading_errors ff_form_instance_3_1_errors'><\/div><\/div>        <script type=\"text\/javascript\">\n            window.fluent_form_ff_form_instance_3_1 = {\"id\":\"3\",\"settings\":{\"layout\":{\"labelPlacement\":\"top\",\"helpMessagePlacement\":\"with_label\",\"errorMessagePlacement\":\"inline\",\"cssClassName\":\"\",\"asteriskPlacement\":\"asterisk-right\"},\"restrictions\":{\"denyEmptySubmission\":{\"enabled\":false}}},\"form_instance\":\"ff_form_instance_3_1\",\"form_id_selector\":\"fluentform_3\",\"rules\":{\"names[first_name]\":{\"required\":{\"value\":true,\"message\":\"This field is required\",\"global_message\":\"This field is required\",\"global\":true}},\"names[middle_name]\":{\"required\":{\"value\":false,\"message\":\"This field is required\",\"global_message\":\"This field is required\",\"global\":true}},\"names[last_name]\":{\"required\":{\"value\":false,\"message\":\"This field is required\",\"global_message\":\"This field is required\",\"global\":true}},\"phone\":{\"required\":{\"value\":true,\"global\":true,\"message\":\"This field is required\",\"global_message\":\"This field is required\"},\"valid_phone_number\":{\"value\":false,\"global\":true,\"message\":\"Phone number is not valid\",\"global_message\":\"Phone number is not valid\"}},\"input_text_1\":{\"required\":{\"value\":true,\"message\":\"This field is required\",\"global_message\":\"This field is required\",\"global\":true}},\"email\":{\"required\":{\"value\":true,\"message\":\"This field is required\",\"global_message\":\"This field is required\",\"global\":true},\"email\":{\"value\":true,\"message\":\"This field must contain a valid email\",\"global_message\":\"This field must contain a valid email\",\"global\":true}},\"input_text\":{\"required\":{\"value\":true,\"message\":\"This field is required\",\"global_message\":\"This field is required\",\"global\":true}},\"file-upload\":{\"required\":{\"value\":true,\"message\":\"This field is required\",\"global_message\":\"This field is required\",\"global\":true},\"max_file_size\":{\"value\":2097152,\"_valueFrom\":\"MB\",\"message\":\"Validation fails for maximum file size\",\"global_message\":\"Validation fails for maximum file size\",\"global\":true},\"max_file_count\":{\"value\":1,\"message\":\"Validation fails for maximum file count\",\"global_message\":\"Validation fails for maximum file count\",\"global\":true},\"allowed_file_types\":{\"value\":[\"doc|ppt|pps|xls|mdb|docx|xlsx|pptx|odt|odp|ods|odg|odc|odb|odf|rtf|txt\",\"pdf\"],\"message\":\"Invalid file type\",\"global_message\":\"Allowed image types does not match\",\"global\":true}},\"description\":{\"required\":{\"value\":true,\"message\":\"This field is required\",\"global_message\":\"This field is required\",\"global\":true}}},\"debounce_time\":300};\n                    <\/script>\n        <\/div><\/div>\n\n<\/div><\/div>","protected":false},"excerpt":{"rendered":"<p>We&#8217;re hiring Join Our Dedicated Team At Haji Hussein Group of Companies, our success is driven by our exceptional team of over 500 dedicated professionals. We pride ourselves on fostering a supportive and inclusive work environment where innovation and collaboration thrive. Our HR policies are designed to ensure the well-being and growth of every team&#8230;<\/p>","protected":false},"author":1,"featured_media":0,"parent":0,"menu_order":0,"comment_status":"closed","ping_status":"closed","template":"","meta":{"_kad_blocks_custom_css":"","_kad_blocks_head_custom_js":"","_kad_blocks_body_custom_js":"","_kad_blocks_footer_custom_js":"","_kad_post_transparent":"","_kad_post_title":"","_kad_post_layout":"normal","_kad_post_sidebar_id":"","_kad_post_content_style":"unboxed","_kad_post_vertical_padding":"hide","_kad_post_feature":"","_kad_post_feature_position":"","_kad_post_header":false,"_kad_post_footer":false,"footnotes":""},"class_list":["post-12","page","type-page","status-publish","hentry"],"taxonomy_info":[],"featured_image_src_large":false,"author_info":{"display_name":"admin","author_link":"https:\/\/hhagroup.co\/tr\/author\/admin\/"},"comment_info":0,"_links":{"self":[{"href":"https:\/\/hhagroup.co\/tr\/wp-json\/wp\/v2\/pages\/12","targetHints":{"allow":["GET"]}}],"collection":[{"href":"https:\/\/hhagroup.co\/tr\/wp-json\/wp\/v2\/pages"}],"about":[{"href":"https:\/\/hhagroup.co\/tr\/wp-json\/wp\/v2\/types\/page"}],"author":[{"embeddable":true,"href":"https:\/\/hhagroup.co\/tr\/wp-json\/wp\/v2\/users\/1"}],"replies":[{"embeddable":true,"href":"https:\/\/hhagroup.co\/tr\/wp-json\/wp\/v2\/comments?post=12"}],"version-history":[{"count":5,"href":"https:\/\/hhagroup.co\/tr\/wp-json\/wp\/v2\/pages\/12\/revisions"}],"predecessor-version":[{"id":383,"href":"https:\/\/hhagroup.co\/tr\/wp-json\/wp\/v2\/pages\/12\/revisions\/383"}],"wp:attachment":[{"href":"https:\/\/hhagroup.co\/tr\/wp-json\/wp\/v2\/media?parent=12"}],"curies":[{"name":"wp","href":"https:\/\/api.w.org\/{rel}","templated":true}]}}